{"id":2736,"date":"2025-10-07T09:07:38","date_gmt":"2025-10-07T09:07:38","guid":{"rendered":"https:\/\/souvenirs-rocamadour.fr\/produit\/sweat-unisexe-le-rocamadour\/"},"modified":"2025-10-31T10:07:06","modified_gmt":"2025-10-31T10:07:06","slug":"sweat-unisexe-le-rocamadour","status":"publish","type":"product","link":"https:\/\/souvenirs-rocamadour.fr\/en\/product\/sweat-unisexe-le-rocamadour\/","title":{"rendered":"Unisex sweatshirt <br> Le Rocamadour"},"content":{"rendered":"<p>Symbole gourmand du Lot, ce visuel met \u00e0 l\u2019honneur le c\u00e9l\u00e8bre fromage de ch\u00e8vre Rocamadour AOP. Repr\u00e9sent\u00e9 sous les traits d\u2019un personnage joyeux, il incarne la convivialit\u00e9 et l\u2019authenticit\u00e9 du Quercy. Un clin d\u2019\u0153il graphique plein de bonne humeur, \u00e0 l\u2019image du terroir occitan.<br \/>\nId\u00e9al pour un t-shirt, un tote bag ou une affiche souvenir, ce design r\u00e9tro \u00e9voque le charme du Sud-Ouest et la fiert\u00e9 locale. Une cr\u00e9ation qui sent bon la campagne et les march\u00e9s de Rocamadour.<br \/>\n&#8211;<br \/>\nSweat-shirt unisexe en coton et polyester, con\u00e7u pour offrir douceur et chaleur au quotidien. Sa coupe classique et son col en tricot c\u00f4tel\u00e9 assurent un bon maintien, tandis que la conception quart-de-tour \u00e9vite le pli central. Facile \u00e0 entretenir, il conserve sa forme lavage apr\u00e8s lavage.<\/p>\n<p>\u2022 271 g\/m\u00b2<br \/>\n\u2022 50 % coton, 50 % polyester<br \/>\n\u2022 Tissu pr\u00e9r\u00e9tr\u00e9ci, fil\u00e9 par jet d\u2019air pour un toucher doux<br \/>\n\u2022 Col, \u00e9paules, emmanchures, poignets et ourlet \u00e0 couture double<br \/>\n\u2022 Col en tricot c\u00f4tel\u00e9 1\u00d71 avec \u00e9lasthanne<br \/>\n\u2022 Quart-de-tour pour \u00e9viter un pli au milieu<br \/>\n\u2022 Le blanc peut appara\u00eetre blanc cass\u00e9 naturel<\/p>","protected":false},"excerpt":{"rendered":"<p>Symbole gourmand du Lot, ce visuel met \u00e0 l\u2019honneur le c\u00e9l\u00e8bre fromage de ch\u00e8vre Rocamadour AOP. Repr\u00e9sent\u00e9 sous les traits d\u2019un personnage joyeux, il incarne la convivialit\u00e9 et l\u2019authenticit\u00e9 du Quercy. Un clin d\u2019\u0153il graphique plein de bonne humeur, \u00e0 l\u2019image du terroir occitan. Id\u00e9al pour un t-shirt, un tote bag ou une affiche souvenir, [&hellip;]<\/p>","protected":false},"featured_media":2753,"comment_status":"open","ping_status":"closed","template":"","meta":{"_acf_changed":false},"product_brand":[],"product_cat":[92,70],"product_tag":[],"class_list":{"0":"post-2736","1":"product","2":"type-product","3":"status-publish","4":"has-post-thumbnail","6":"product_cat-le-rocamadour","7":"product_cat-sweats","9":"first","10":"instock","11":"shipping-taxable","12":"purchasable","13":"product-type-variable"},"acf":[],"_links":{"self":[{"href":"https:\/\/souvenirs-rocamadour.fr\/en\/wp-json\/wp\/v2\/product\/2736","targetHints":{"allow":["GET"]}}],"collection":[{"href":"https:\/\/souvenirs-rocamadour.fr\/en\/wp-json\/wp\/v2\/product"}],"about":[{"href":"https:\/\/souvenirs-rocamadour.fr\/en\/wp-json\/wp\/v2\/types\/product"}],"replies":[{"embeddable":true,"href":"https:\/\/souvenirs-rocamadour.fr\/en\/wp-json\/wp\/v2\/comments?post=2736"}],"wp:featuredmedia":[{"embeddable":true,"href":"https:\/\/souvenirs-rocamadour.fr\/en\/wp-json\/wp\/v2\/media\/2753"}],"wp:attachment":[{"href":"https:\/\/souvenirs-rocamadour.fr\/en\/wp-json\/wp\/v2\/media?parent=2736"}],"wp:term":[{"taxonomy":"product_brand","embeddable":true,"href":"https:\/\/souvenirs-rocamadour.fr\/en\/wp-json\/wp\/v2\/product_brand?post=2736"},{"taxonomy":"product_cat","embeddable":true,"href":"https:\/\/souvenirs-rocamadour.fr\/en\/wp-json\/wp\/v2\/product_cat?post=2736"},{"taxonomy":"product_tag","embeddable":true,"href":"https:\/\/souvenirs-rocamadour.fr\/en\/wp-json\/wp\/v2\/product_tag?post=2736"}],"curies":[{"name":"wp","href":"https:\/\/api.w.org\/{rel}","templated":true}]}}