{"id":2807,"date":"2025-10-07T10:11:20","date_gmt":"2025-10-07T10:11:20","guid":{"rendered":"https:\/\/souvenirs-rocamadour.fr\/produit\/hoodie-unisexe-le-panorama\/"},"modified":"2025-10-31T10:11:00","modified_gmt":"2025-10-31T10:11:00","slug":"hoodie-unisexe-le-panorama","status":"publish","type":"product","link":"https:\/\/souvenirs-rocamadour.fr\/en\/product\/hoodie-unisexe-le-panorama\/","title":{"rendered":"Hoodie unisexe <br> Le Panorama"},"content":{"rendered":"<p>Ce visuel capture toute la majest\u00e9 de Rocamadour, perch\u00e9 sur sa falaise surplombant la vall\u00e9e de l\u2019Alzou. Son style graphique, inspir\u00e9 des affiches vintage, met en lumi\u00e8re l\u2019un des plus beaux villages du Lot et d\u2019Occitanie, entre nature pr\u00e9serv\u00e9e et patrimoine m\u00e9di\u00e9val.<br \/>\nUn design lumineux et \u00e9vocateur, id\u00e9al pour d\u00e9corer un int\u00e9rieur ou offrir un souvenir embl\u00e9matique du Sud-Ouest. Une invitation \u00e0 voyager au c\u0153ur du Quercy, l\u00e0 o\u00f9 pierre et ciel se rencontrent.<br \/>\n&#8211;<br \/>\nSweat \u00e0 capuche unisexe con\u00e7u pour un usage quotidien, offrant chaleur et confort lors des journ\u00e9es fra\u00eeches. Sa coupe classique et sa grande poche frontale en font une pi\u00e8ce pratique et facile \u00e0 porter. La capuche doubl\u00e9e avec cordon de serrage assorti assure une protection suppl\u00e9mentaire contre le froid.<\/p>\n<p>\u2022 271 g\/m\u00b2<br \/>\n\u2022 50 % coton pr\u00e9r\u00e9tr\u00e9ci, 50 % polyester<br \/>\n\u2022 Tissu fil\u00e9 par jet d\u2019air pour un toucher doux et moins de boulochage<br \/>\n\u2022 Capuche \u00e0 double doublure avec cordon assorti<br \/>\n\u2022 Poignets et ceinture en tricot c\u00f4tel\u00e9 1\u00d71 avec \u00e9lasthanne<br \/>\n\u2022 Couture double aux \u00e9paules, poignets et ourlet<br \/>\n\u2022 Le blanc peut appara\u00eetre blanc cass\u00e9 naturel<\/p>","protected":false},"excerpt":{"rendered":"<p>Ce visuel capture toute la majest\u00e9 de Rocamadour, perch\u00e9 sur sa falaise surplombant la vall\u00e9e de l\u2019Alzou. Son style graphique, inspir\u00e9 des affiches vintage, met en lumi\u00e8re l\u2019un des plus beaux villages du Lot et d\u2019Occitanie, entre nature pr\u00e9serv\u00e9e et patrimoine m\u00e9di\u00e9val. Un design lumineux et \u00e9vocateur, id\u00e9al pour d\u00e9corer un int\u00e9rieur ou offrir un [&hellip;]<\/p>","protected":false},"featured_media":2824,"comment_status":"open","ping_status":"closed","template":"","meta":{"_acf_changed":false},"product_brand":[],"product_cat":[69,93],"product_tag":[],"class_list":{"0":"post-2807","1":"product","2":"type-product","3":"status-publish","4":"has-post-thumbnail","6":"product_cat-hoodies","7":"product_cat-le-panorama","9":"first","10":"instock","11":"shipping-taxable","12":"purchasable","13":"product-type-variable"},"acf":[],"_links":{"self":[{"href":"https:\/\/souvenirs-rocamadour.fr\/en\/wp-json\/wp\/v2\/product\/2807","targetHints":{"allow":["GET"]}}],"collection":[{"href":"https:\/\/souvenirs-rocamadour.fr\/en\/wp-json\/wp\/v2\/product"}],"about":[{"href":"https:\/\/souvenirs-rocamadour.fr\/en\/wp-json\/wp\/v2\/types\/product"}],"replies":[{"embeddable":true,"href":"https:\/\/souvenirs-rocamadour.fr\/en\/wp-json\/wp\/v2\/comments?post=2807"}],"wp:featuredmedia":[{"embeddable":true,"href":"https:\/\/souvenirs-rocamadour.fr\/en\/wp-json\/wp\/v2\/media\/2824"}],"wp:attachment":[{"href":"https:\/\/souvenirs-rocamadour.fr\/en\/wp-json\/wp\/v2\/media?parent=2807"}],"wp:term":[{"taxonomy":"product_brand","embeddable":true,"href":"https:\/\/souvenirs-rocamadour.fr\/en\/wp-json\/wp\/v2\/product_brand?post=2807"},{"taxonomy":"product_cat","embeddable":true,"href":"https:\/\/souvenirs-rocamadour.fr\/en\/wp-json\/wp\/v2\/product_cat?post=2807"},{"taxonomy":"product_tag","embeddable":true,"href":"https:\/\/souvenirs-rocamadour.fr\/en\/wp-json\/wp\/v2\/product_tag?post=2807"}],"curies":[{"name":"wp","href":"https:\/\/api.w.org\/{rel}","templated":true}]}}