{"id":2879,"date":"2025-10-07T10:31:02","date_gmt":"2025-10-07T10:31:02","guid":{"rendered":"https:\/\/souvenirs-rocamadour.fr\/produit\/mug-blanc-brillant-le-panorama\/"},"modified":"2025-10-07T10:31:12","modified_gmt":"2025-10-07T10:31:12","slug":"mug-blanc-brillant-le-panorama","status":"publish","type":"product","link":"https:\/\/souvenirs-rocamadour.fr\/en\/product\/mug-blanc-brillant-le-panorama\/","title":{"rendered":"Glossy white mug <br> Le Panorama"},"content":{"rendered":"<p>Ce visuel capture toute la majest\u00e9 de Rocamadour, perch\u00e9 sur sa falaise surplombant la vall\u00e9e de l\u2019Alzou. Son style graphique, inspir\u00e9 des affiches vintage, met en lumi\u00e8re l\u2019un des plus beaux villages du Lot et d\u2019Occitanie, entre nature pr\u00e9serv\u00e9e et patrimoine m\u00e9di\u00e9val.<br \/>\nUn design lumineux et \u00e9vocateur, id\u00e9al pour d\u00e9corer un int\u00e9rieur ou offrir un souvenir embl\u00e9matique du Sud-Ouest. Une invitation \u00e0 voyager au c\u0153ur du Quercy, l\u00e0 o\u00f9 pierre et ciel se rencontrent.<br \/>\n&#8211;<br \/>\nMug en c\u00e9ramique, pratique et r\u00e9sistant, id\u00e9al pour savourer vos boissons chaudes au quotidien. Sa finition blanche brillante met en valeur les visuels imprim\u00e9s, qui conservent leur \u00e9clat m\u00eame apr\u00e8s plusieurs passages au lave-vaisselle ou au micro-ondes.<\/p>\n<p>\u2022 C\u00e9ramique sans BPA et sans plomb<br \/>\n\u2022 Passe au lave-vaisselle et au micro-ondes<br \/>\n\u2022 Finition blanche brillante<br \/>\n\u2022 Taille 11 oz : 9,6 cm de hauteur \u00d7 8,2 cm de diam\u00e8tre<br \/>\n\u2022 L\u00e9g\u00e8res variations de taille possibles (+\/- 2 mm)<\/p>","protected":false},"excerpt":{"rendered":"<p>Ce visuel capture toute la majest\u00e9 de Rocamadour, perch\u00e9 sur sa falaise surplombant la vall\u00e9e de l\u2019Alzou. Son style graphique, inspir\u00e9 des affiches vintage, met en lumi\u00e8re l\u2019un des plus beaux villages du Lot et d\u2019Occitanie, entre nature pr\u00e9serv\u00e9e et patrimoine m\u00e9di\u00e9val. Un design lumineux et \u00e9vocateur, id\u00e9al pour d\u00e9corer un int\u00e9rieur ou offrir un [&hellip;]<\/p>","protected":false},"featured_media":2880,"comment_status":"open","ping_status":"closed","template":"","meta":{"_acf_changed":false},"product_brand":[],"product_cat":[93,73],"product_tag":[],"class_list":{"0":"post-2879","1":"product","2":"type-product","3":"status-publish","4":"has-post-thumbnail","6":"product_cat-le-panorama","7":"product_cat-mugs","9":"first","10":"instock","11":"shipping-taxable","12":"purchasable","13":"product-type-simple"},"acf":[],"_links":{"self":[{"href":"https:\/\/souvenirs-rocamadour.fr\/en\/wp-json\/wp\/v2\/product\/2879","targetHints":{"allow":["GET"]}}],"collection":[{"href":"https:\/\/souvenirs-rocamadour.fr\/en\/wp-json\/wp\/v2\/product"}],"about":[{"href":"https:\/\/souvenirs-rocamadour.fr\/en\/wp-json\/wp\/v2\/types\/product"}],"replies":[{"embeddable":true,"href":"https:\/\/souvenirs-rocamadour.fr\/en\/wp-json\/wp\/v2\/comments?post=2879"}],"wp:featuredmedia":[{"embeddable":true,"href":"https:\/\/souvenirs-rocamadour.fr\/en\/wp-json\/wp\/v2\/media\/2880"}],"wp:attachment":[{"href":"https:\/\/souvenirs-rocamadour.fr\/en\/wp-json\/wp\/v2\/media?parent=2879"}],"wp:term":[{"taxonomy":"product_brand","embeddable":true,"href":"https:\/\/souvenirs-rocamadour.fr\/en\/wp-json\/wp\/v2\/product_brand?post=2879"},{"taxonomy":"product_cat","embeddable":true,"href":"https:\/\/souvenirs-rocamadour.fr\/en\/wp-json\/wp\/v2\/product_cat?post=2879"},{"taxonomy":"product_tag","embeddable":true,"href":"https:\/\/souvenirs-rocamadour.fr\/en\/wp-json\/wp\/v2\/product_tag?post=2879"}],"curies":[{"name":"wp","href":"https:\/\/api.w.org\/{rel}","templated":true}]}}