{"id":2988,"date":"2025-10-07T12:07:24","date_gmt":"2025-10-07T12:07:24","guid":{"rendered":"https:\/\/souvenirs-rocamadour.fr\/produit\/mug-blanc-brillant-le-verre-de-cahors\/"},"modified":"2025-10-07T13:44:42","modified_gmt":"2025-10-07T13:44:42","slug":"mug-blanc-brillant-le-verre-de-cahors","status":"publish","type":"product","link":"https:\/\/souvenirs-rocamadour.fr\/en\/product\/mug-blanc-brillant-le-verre-de-cahors\/","title":{"rendered":"Glossy white mug <br> Les Incontournables"},"content":{"rendered":"<p>Ce visuel rassemble les symboles de Rocamadour (Lot, Occitanie) : p\u00e8lerin de Saint-Jacques-de-Compostelle, ch\u00e8vre du Quercy, Vierge noire, singe de la For\u00eat des Singes, aigle du Rocher des Aigles et montgolfi\u00e8res des Montgolfiades. Composition inspir\u00e9e des motifs artisanaux.<br \/>\nGraphique et intemporel, il c\u00e9l\u00e8bre le patrimoine naturel et spirituel de Rocamadour. Id\u00e9al en t-shirt, affiche ou tote bag souvenir, pour garder un morceau du Quercy \u00e0 la maison.\u2013<br \/>\nMug en c\u00e9ramique, pratique et r\u00e9sistant, id\u00e9al pour savourer vos boissons chaudes au quotidien. Sa finition blanche brillante met en valeur les visuels imprim\u00e9s, qui conservent leur \u00e9clat m\u00eame apr\u00e8s plusieurs passages au lave-vaisselle ou au micro-ondes.<\/p>\n<p>\u2022 C\u00e9ramique sans BPA et sans plomb<br \/>\n\u2022 Passe au lave-vaisselle et au micro-ondes<br \/>\n\u2022 Finition blanche brillante<br \/>\n\u2022 Taille 11 oz : 9,6 cm de hauteur \u00d7 8,2 cm de diam\u00e8tre<br \/>\n\u2022 L\u00e9g\u00e8res variations de taille possibles (+\/- 2 mm)<\/p>","protected":false},"excerpt":{"rendered":"<p>Ce visuel rassemble les symboles de Rocamadour (Lot, Occitanie) : p\u00e8lerin de Saint-Jacques-de-Compostelle, ch\u00e8vre du Quercy, Vierge noire, singe de la For\u00eat des Singes, aigle du Rocher des Aigles et montgolfi\u00e8res des Montgolfiades. Composition inspir\u00e9e des motifs artisanaux. Graphique et intemporel, il c\u00e9l\u00e8bre le patrimoine naturel et spirituel de Rocamadour. Id\u00e9al en t-shirt, affiche ou [&hellip;]<\/p>","protected":false},"featured_media":2989,"comment_status":"open","ping_status":"closed","template":"","meta":{"_acf_changed":false},"product_brand":[],"product_cat":[94,73],"product_tag":[],"class_list":{"0":"post-2988","1":"product","2":"type-product","3":"status-publish","4":"has-post-thumbnail","6":"product_cat-les-incontournables","7":"product_cat-mugs","9":"first","10":"instock","11":"shipping-taxable","12":"purchasable","13":"product-type-simple"},"acf":[],"_links":{"self":[{"href":"https:\/\/souvenirs-rocamadour.fr\/en\/wp-json\/wp\/v2\/product\/2988","targetHints":{"allow":["GET"]}}],"collection":[{"href":"https:\/\/souvenirs-rocamadour.fr\/en\/wp-json\/wp\/v2\/product"}],"about":[{"href":"https:\/\/souvenirs-rocamadour.fr\/en\/wp-json\/wp\/v2\/types\/product"}],"replies":[{"embeddable":true,"href":"https:\/\/souvenirs-rocamadour.fr\/en\/wp-json\/wp\/v2\/comments?post=2988"}],"wp:featuredmedia":[{"embeddable":true,"href":"https:\/\/souvenirs-rocamadour.fr\/en\/wp-json\/wp\/v2\/media\/2989"}],"wp:attachment":[{"href":"https:\/\/souvenirs-rocamadour.fr\/en\/wp-json\/wp\/v2\/media?parent=2988"}],"wp:term":[{"taxonomy":"product_brand","embeddable":true,"href":"https:\/\/souvenirs-rocamadour.fr\/en\/wp-json\/wp\/v2\/product_brand?post=2988"},{"taxonomy":"product_cat","embeddable":true,"href":"https:\/\/souvenirs-rocamadour.fr\/en\/wp-json\/wp\/v2\/product_cat?post=2988"},{"taxonomy":"product_tag","embeddable":true,"href":"https:\/\/souvenirs-rocamadour.fr\/en\/wp-json\/wp\/v2\/product_tag?post=2988"}],"curies":[{"name":"wp","href":"https:\/\/api.w.org\/{rel}","templated":true}]}}