{"id":3068,"date":"2025-10-07T12:46:46","date_gmt":"2025-10-07T12:46:46","guid":{"rendered":"https:\/\/souvenirs-rocamadour.fr\/produit\/casquette-le-rocher-sacre\/"},"modified":"2025-10-31T10:04:30","modified_gmt":"2025-10-31T10:04:30","slug":"casquette-le-rocher-sacre","status":"publish","type":"product","link":"https:\/\/souvenirs-rocamadour.fr\/en\/product\/casquette-le-rocher-sacre\/","title":{"rendered":"Cap <br> Le Rocher Sacr\u00e9"},"content":{"rendered":"<p>Ce visuel rend hommage au Rocher de Saint-Amadour, haut lieu spirituel de Rocamadour. Inspir\u00e9 des gravures anciennes, il illustre les sanctuaires suspendus \u00e0 la falaise, c\u0153ur du Lot et du Sud-Ouest. On y retrouve les symboles du Quercy, du p\u00e8lerinage et l\u2019ann\u00e9e 1166, date fondatrice du site.<br \/>\nUn design qui capture la dimension patrimoniale et mystique de Rocamadour, entre histoire, foi et beaut\u00e9 naturelle de l\u2019Occitanie.<br \/>\n&#8211;<br \/>\nT-shirt unisexe en coton, con\u00e7u pour un usage quotidien. Sa coupe r\u00e9guli\u00e8re facilite les mouvements, tandis que son tissu conserve sa forme lavage apr\u00e8s lavage. L\u00e9ger \u00e0 porter et simple \u00e0 entretenir, il convient \u00e0 toutes les saisons et s\u2019adapte \u00e0 diff\u00e9rents styles.<\/p>\n<p>\u2022 170\u2013180 g\/m\u00b2<br \/>\n\u2022 Fabrication tubulaire sans coutures lat\u00e9rales<br \/>\n\u2022 Coutures renforc\u00e9es et bande de propret\u00e9 au col et aux \u00e9paules<br \/>\n\u2022 Composition : 100 % coton ou Sport Grey (90 % coton, 10 % polyester)<br \/>\n\u2022 Lavage en machine \u00e0 30\u00b0C<br \/>\n\u2022 Sans polyester recycl\u00e9 ni substances dangereuses<br \/>\n\u2022 Le blanc peut pr\u00e9senter un aspect blanc cass\u00e9 naturel<\/p>","protected":false},"excerpt":{"rendered":"<p>Ce visuel rend hommage au Rocher de Saint-Amadour, haut lieu spirituel de Rocamadour. Inspir\u00e9 des gravures anciennes, il illustre les sanctuaires suspendus \u00e0 la falaise, c\u0153ur du Lot et du Sud-Ouest. On y retrouve les symboles du Quercy, du p\u00e8lerinage et l\u2019ann\u00e9e 1166, date fondatrice du site. Un design qui capture la dimension patrimoniale et [&hellip;]<\/p>","protected":false},"featured_media":3073,"comment_status":"open","ping_status":"closed","template":"","meta":{"_acf_changed":false},"product_brand":[],"product_cat":[71,95],"product_tag":[],"class_list":{"0":"post-3068","1":"product","2":"type-product","3":"status-publish","4":"has-post-thumbnail","6":"product_cat-casquettes","7":"product_cat-le-rocher-sacre","9":"first","10":"instock","11":"shipping-taxable","12":"purchasable","13":"product-type-variable"},"acf":[],"_links":{"self":[{"href":"https:\/\/souvenirs-rocamadour.fr\/en\/wp-json\/wp\/v2\/product\/3068","targetHints":{"allow":["GET"]}}],"collection":[{"href":"https:\/\/souvenirs-rocamadour.fr\/en\/wp-json\/wp\/v2\/product"}],"about":[{"href":"https:\/\/souvenirs-rocamadour.fr\/en\/wp-json\/wp\/v2\/types\/product"}],"replies":[{"embeddable":true,"href":"https:\/\/souvenirs-rocamadour.fr\/en\/wp-json\/wp\/v2\/comments?post=3068"}],"wp:featuredmedia":[{"embeddable":true,"href":"https:\/\/souvenirs-rocamadour.fr\/en\/wp-json\/wp\/v2\/media\/3073"}],"wp:attachment":[{"href":"https:\/\/souvenirs-rocamadour.fr\/en\/wp-json\/wp\/v2\/media?parent=3068"}],"wp:term":[{"taxonomy":"product_brand","embeddable":true,"href":"https:\/\/souvenirs-rocamadour.fr\/en\/wp-json\/wp\/v2\/product_brand?post=3068"},{"taxonomy":"product_cat","embeddable":true,"href":"https:\/\/souvenirs-rocamadour.fr\/en\/wp-json\/wp\/v2\/product_cat?post=3068"},{"taxonomy":"product_tag","embeddable":true,"href":"https:\/\/souvenirs-rocamadour.fr\/en\/wp-json\/wp\/v2\/product_tag?post=3068"}],"curies":[{"name":"wp","href":"https:\/\/api.w.org\/{rel}","templated":true}]}}