{"id":3095,"date":"2025-10-07T12:55:54","date_gmt":"2025-10-07T12:55:54","guid":{"rendered":"https:\/\/souvenirs-rocamadour.fr\/produit\/t-shirt-unisexe-rocamadour-mon-amour\/"},"modified":"2025-10-31T10:16:15","modified_gmt":"2025-10-31T10:16:15","slug":"t-shirt-unisexe-rocamadour-mon-amour","status":"publish","type":"product","link":"https:\/\/souvenirs-rocamadour.fr\/en\/product\/t-shirt-unisexe-rocamadour-mon-amour\/","title":{"rendered":"T-shirt unisex <br> Rocamadour mon Amour"},"content":{"rendered":"<p>Ce visuel associe la montgolfi\u00e8re embl\u00e9matique de Rocamadour \u00e0 un c\u0153ur stylis\u00e9, symbole d\u2019affection et de douceur. Il \u00e9voque les c\u00e9l\u00e8bres Montgolfiades et la magie du Lot, o\u00f9 le ciel et les falaises se rejoignent dans un paysage unique du Sud-Ouest.<br \/>\nUn graphisme po\u00e9tique et l\u00e9ger qui illustre la beaut\u00e9 romantique de Rocamadour, village perch\u00e9 d\u2019Occitanie, connu pour ses panoramas spectaculaires et son charme intemporel.<br \/>\n&#8211;<br \/>\nT-shirt unisexe en coton, con\u00e7u pour un usage quotidien. Sa coupe r\u00e9guli\u00e8re facilite les mouvements, tandis que son tissu conserve sa forme lavage apr\u00e8s lavage. L\u00e9ger \u00e0 porter et simple \u00e0 entretenir, il convient \u00e0 toutes les saisons et s\u2019adapte \u00e0 diff\u00e9rents styles.<\/p>\n<p>\u2022 170\u2013180 g\/m\u00b2<br \/>\n\u2022 Fabrication tubulaire sans coutures lat\u00e9rales<br \/>\n\u2022 Coutures renforc\u00e9es et bande de propret\u00e9 au col et aux \u00e9paules<br \/>\n\u2022 Composition : 100 % coton ou Sport Grey (90 % coton, 10 % polyester)<br \/>\n\u2022 Lavage en machine \u00e0 30\u00b0C<br \/>\n\u2022 Sans polyester recycl\u00e9 ni substances dangereuses<br \/>\n\u2022 Le blanc peut pr\u00e9senter un aspect blanc cass\u00e9 naturel<\/p>","protected":false},"excerpt":{"rendered":"<p>Ce visuel associe la montgolfi\u00e8re embl\u00e9matique de Rocamadour \u00e0 un c\u0153ur stylis\u00e9, symbole d\u2019affection et de douceur. Il \u00e9voque les c\u00e9l\u00e8bres Montgolfiades et la magie du Lot, o\u00f9 le ciel et les falaises se rejoignent dans un paysage unique du Sud-Ouest. Un graphisme po\u00e9tique et l\u00e9ger qui illustre la beaut\u00e9 romantique de Rocamadour, village perch\u00e9 [&hellip;]<\/p>","protected":false},"featured_media":3108,"comment_status":"open","ping_status":"closed","template":"","meta":{"_acf_changed":false},"product_brand":[],"product_cat":[96,68],"product_tag":[],"class_list":{"0":"post-3095","1":"product","2":"type-product","3":"status-publish","4":"has-post-thumbnail","6":"product_cat-rocamadour-mon-amour","7":"product_cat-t-shirts","9":"first","10":"instock","11":"shipping-taxable","12":"purchasable","13":"product-type-variable"},"acf":[],"_links":{"self":[{"href":"https:\/\/souvenirs-rocamadour.fr\/en\/wp-json\/wp\/v2\/product\/3095","targetHints":{"allow":["GET"]}}],"collection":[{"href":"https:\/\/souvenirs-rocamadour.fr\/en\/wp-json\/wp\/v2\/product"}],"about":[{"href":"https:\/\/souvenirs-rocamadour.fr\/en\/wp-json\/wp\/v2\/types\/product"}],"replies":[{"embeddable":true,"href":"https:\/\/souvenirs-rocamadour.fr\/en\/wp-json\/wp\/v2\/comments?post=3095"}],"wp:featuredmedia":[{"embeddable":true,"href":"https:\/\/souvenirs-rocamadour.fr\/en\/wp-json\/wp\/v2\/media\/3108"}],"wp:attachment":[{"href":"https:\/\/souvenirs-rocamadour.fr\/en\/wp-json\/wp\/v2\/media?parent=3095"}],"wp:term":[{"taxonomy":"product_brand","embeddable":true,"href":"https:\/\/souvenirs-rocamadour.fr\/en\/wp-json\/wp\/v2\/product_brand?post=3095"},{"taxonomy":"product_cat","embeddable":true,"href":"https:\/\/souvenirs-rocamadour.fr\/en\/wp-json\/wp\/v2\/product_cat?post=3095"},{"taxonomy":"product_tag","embeddable":true,"href":"https:\/\/souvenirs-rocamadour.fr\/en\/wp-json\/wp\/v2\/product_tag?post=3095"}],"curies":[{"name":"wp","href":"https:\/\/api.w.org\/{rel}","templated":true}]}}