{"id":3114,"date":"2025-10-07T12:58:34","date_gmt":"2025-10-07T12:58:34","guid":{"rendered":"https:\/\/souvenirs-rocamadour.fr\/produit\/hoodie-unisexe-rocamadour-mon-amour\/"},"modified":"2025-10-31T10:11:03","modified_gmt":"2025-10-31T10:11:03","slug":"hoodie-unisexe-rocamadour-mon-amour","status":"publish","type":"product","link":"https:\/\/souvenirs-rocamadour.fr\/en\/product\/hoodie-unisexe-rocamadour-mon-amour\/","title":{"rendered":"Hoodie unisexe <br> Rocamadour mon Amour"},"content":{"rendered":"<p>Ce visuel associe la montgolfi\u00e8re embl\u00e9matique de Rocamadour \u00e0 un c\u0153ur stylis\u00e9, symbole d\u2019affection et de douceur. Il \u00e9voque les c\u00e9l\u00e8bres Montgolfiades et la magie du Lot, o\u00f9 le ciel et les falaises se rejoignent dans un paysage unique du Sud-Ouest.<br \/>\nUn graphisme po\u00e9tique et l\u00e9ger qui illustre la beaut\u00e9 romantique de Rocamadour, village perch\u00e9 d\u2019Occitanie, connu pour ses panoramas spectaculaires et son charme intemporel.<br \/>\n\u2013<br \/>\nSweat \u00e0 capuche unisexe con\u00e7u pour un usage quotidien, offrant chaleur et confort lors des journ\u00e9es fra\u00eeches. Sa coupe classique et sa grande poche frontale en font une pi\u00e8ce pratique et facile \u00e0 porter. La capuche doubl\u00e9e avec cordon de serrage assorti assure une protection suppl\u00e9mentaire contre le froid.<\/p>\n<p>\u2022 271 g\/m\u00b2<br \/>\n\u2022 50 % coton pr\u00e9r\u00e9tr\u00e9ci, 50 % polyester<br \/>\n\u2022 Tissu fil\u00e9 par jet d\u2019air pour un toucher doux et moins de boulochage<br \/>\n\u2022 Capuche \u00e0 double doublure avec cordon assorti<br \/>\n\u2022 Poignets et ceinture en tricot c\u00f4tel\u00e9 1\u00d71 avec \u00e9lasthanne<br \/>\n\u2022 Couture double aux \u00e9paules, poignets et ourlet<br \/>\n\u2022 Le blanc peut appara\u00eetre blanc cass\u00e9 naturel<\/p>","protected":false},"excerpt":{"rendered":"<p>Ce visuel associe la montgolfi\u00e8re embl\u00e9matique de Rocamadour \u00e0 un c\u0153ur stylis\u00e9, symbole d\u2019affection et de douceur. Il \u00e9voque les c\u00e9l\u00e8bres Montgolfiades et la magie du Lot, o\u00f9 le ciel et les falaises se rejoignent dans un paysage unique du Sud-Ouest. Un graphisme po\u00e9tique et l\u00e9ger qui illustre la beaut\u00e9 romantique de Rocamadour, village perch\u00e9 [&hellip;]<\/p>","protected":false},"featured_media":3131,"comment_status":"open","ping_status":"closed","template":"","meta":{"_acf_changed":false},"product_brand":[],"product_cat":[69,96],"product_tag":[],"class_list":{"0":"post-3114","1":"product","2":"type-product","3":"status-publish","4":"has-post-thumbnail","6":"product_cat-hoodies","7":"product_cat-rocamadour-mon-amour","9":"first","10":"instock","11":"shipping-taxable","12":"purchasable","13":"product-type-variable"},"acf":[],"_links":{"self":[{"href":"https:\/\/souvenirs-rocamadour.fr\/en\/wp-json\/wp\/v2\/product\/3114","targetHints":{"allow":["GET"]}}],"collection":[{"href":"https:\/\/souvenirs-rocamadour.fr\/en\/wp-json\/wp\/v2\/product"}],"about":[{"href":"https:\/\/souvenirs-rocamadour.fr\/en\/wp-json\/wp\/v2\/types\/product"}],"replies":[{"embeddable":true,"href":"https:\/\/souvenirs-rocamadour.fr\/en\/wp-json\/wp\/v2\/comments?post=3114"}],"wp:featuredmedia":[{"embeddable":true,"href":"https:\/\/souvenirs-rocamadour.fr\/en\/wp-json\/wp\/v2\/media\/3131"}],"wp:attachment":[{"href":"https:\/\/souvenirs-rocamadour.fr\/en\/wp-json\/wp\/v2\/media?parent=3114"}],"wp:term":[{"taxonomy":"product_brand","embeddable":true,"href":"https:\/\/souvenirs-rocamadour.fr\/en\/wp-json\/wp\/v2\/product_brand?post=3114"},{"taxonomy":"product_cat","embeddable":true,"href":"https:\/\/souvenirs-rocamadour.fr\/en\/wp-json\/wp\/v2\/product_cat?post=3114"},{"taxonomy":"product_tag","embeddable":true,"href":"https:\/\/souvenirs-rocamadour.fr\/en\/wp-json\/wp\/v2\/product_tag?post=3114"}],"curies":[{"name":"wp","href":"https:\/\/api.w.org\/{rel}","templated":true}]}}