{"id":3178,"date":"2025-10-07T13:06:38","date_gmt":"2025-10-07T13:06:38","guid":{"rendered":"https:\/\/souvenirs-rocamadour.fr\/produit\/tote-bag-coton-bio-rocamadour-mon-amour\/"},"modified":"2025-10-31T09:59:38","modified_gmt":"2025-10-31T09:59:38","slug":"tote-bag-coton-bio-rocamadour-mon-amour","status":"publish","type":"product","link":"https:\/\/souvenirs-rocamadour.fr\/en\/product\/tote-bag-coton-bio-rocamadour-mon-amour\/","title":{"rendered":"Tote Bag coton Bio <br> Rocamadour mon Amour"},"content":{"rendered":"<p>Ce visuel associe la montgolfi\u00e8re embl\u00e9matique de Rocamadour \u00e0 un c\u0153ur stylis\u00e9, symbole d\u2019affection et de douceur. Il \u00e9voque les c\u00e9l\u00e8bres Montgolfiades et la magie du Lot, o\u00f9 le ciel et les falaises se rejoignent dans un paysage unique du Sud-Ouest.<br \/>\nUn graphisme po\u00e9tique et l\u00e9ger qui illustre la beaut\u00e9 romantique de Rocamadour, village perch\u00e9 d\u2019Occitanie, connu pour ses panoramas spectaculaires et son charme intemporel.<br \/>\n\u2013<br \/>\nTote bag en coton biologique robuste et pratique, id\u00e9al pour les courses, les livres ou un usage quotidien. Sa grande capacit\u00e9 et ses anses longues assurent confort et polyvalence, tout en garantissant un impact environnemental r\u00e9duit gr\u00e2ce \u00e0 sa fabrication certifi\u00e9e.<\/p>\n<p>\u2022 100 % coton biologique certifi\u00e9 serg\u00e9 3\/1<br \/>\n\u2022 272 g\/m\u00b2 (8 oz\/yd\u00b2)<br \/>\n\u2022 Dimensions : 40,6 \u00d7 35,6 \u00d7 12,7 cm<br \/>\n\u2022 Anses de 2,5 cm de large, longueur 62,2 cm<br \/>\n\u2022 Capacit\u00e9 maximale : 13,6 kg<br \/>\n\u2022 Compartiment principal ouvert<br \/>\n\u2022 Certifi\u00e9 GOTS et OCS pour son contenu en coton bio<br \/>\n\u2022 Certifi\u00e9 OEKO-TEX Standard 100 et approuv\u00e9 vegan par PETA<\/p>","protected":false},"excerpt":{"rendered":"<p>Ce visuel associe la montgolfi\u00e8re embl\u00e9matique de Rocamadour \u00e0 un c\u0153ur stylis\u00e9, symbole d\u2019affection et de douceur. Il \u00e9voque les c\u00e9l\u00e8bres Montgolfiades et la magie du Lot, o\u00f9 le ciel et les falaises se rejoignent dans un paysage unique du Sud-Ouest. Un graphisme po\u00e9tique et l\u00e9ger qui illustre la beaut\u00e9 romantique de Rocamadour, village perch\u00e9 [&hellip;]<\/p>","protected":false},"featured_media":3181,"comment_status":"open","ping_status":"closed","template":"","meta":{"_acf_changed":false},"product_brand":[],"product_cat":[96,72],"product_tag":[],"class_list":{"0":"post-3178","1":"product","2":"type-product","3":"status-publish","4":"has-post-thumbnail","6":"product_cat-rocamadour-mon-amour","7":"product_cat-tote-bags","9":"first","10":"instock","11":"shipping-taxable","12":"purchasable","13":"product-type-variable"},"acf":[],"_links":{"self":[{"href":"https:\/\/souvenirs-rocamadour.fr\/en\/wp-json\/wp\/v2\/product\/3178","targetHints":{"allow":["GET"]}}],"collection":[{"href":"https:\/\/souvenirs-rocamadour.fr\/en\/wp-json\/wp\/v2\/product"}],"about":[{"href":"https:\/\/souvenirs-rocamadour.fr\/en\/wp-json\/wp\/v2\/types\/product"}],"replies":[{"embeddable":true,"href":"https:\/\/souvenirs-rocamadour.fr\/en\/wp-json\/wp\/v2\/comments?post=3178"}],"wp:featuredmedia":[{"embeddable":true,"href":"https:\/\/souvenirs-rocamadour.fr\/en\/wp-json\/wp\/v2\/media\/3181"}],"wp:attachment":[{"href":"https:\/\/souvenirs-rocamadour.fr\/en\/wp-json\/wp\/v2\/media?parent=3178"}],"wp:term":[{"taxonomy":"product_brand","embeddable":true,"href":"https:\/\/souvenirs-rocamadour.fr\/en\/wp-json\/wp\/v2\/product_brand?post=3178"},{"taxonomy":"product_cat","embeddable":true,"href":"https:\/\/souvenirs-rocamadour.fr\/en\/wp-json\/wp\/v2\/product_cat?post=3178"},{"taxonomy":"product_tag","embeddable":true,"href":"https:\/\/souvenirs-rocamadour.fr\/en\/wp-json\/wp\/v2\/product_tag?post=3178"}],"curies":[{"name":"wp","href":"https:\/\/api.w.org\/{rel}","templated":true}]}}