{"id":3241,"date":"2025-10-07T13:31:14","date_gmt":"2025-10-07T13:31:14","guid":{"rendered":"https:\/\/souvenirs-rocamadour.fr\/produit\/hoodie-unisexe-les-couleurs-du-roc\/"},"modified":"2025-10-31T10:11:03","modified_gmt":"2025-10-31T10:11:03","slug":"hoodie-unisexe-les-couleurs-du-roc","status":"publish","type":"product","link":"https:\/\/souvenirs-rocamadour.fr\/en\/product\/hoodie-unisexe-les-couleurs-du-roc\/","title":{"rendered":"Hoodie unisexe <br> Les couleurs du Roc"},"content":{"rendered":"<p>Ce visuel revisite Rocamadour dans une version color\u00e9e et contemporaine. La silhouette du village se d\u00e9tache sur un ciel anim\u00e9 de montgolfi\u00e8res, clin d\u2019\u0153il aux Montgolfiades qui illuminent chaque ann\u00e9e le ciel du Lot. Les formes organiques et les teintes vives \u00e9voquent la vitalit\u00e9 du Sud-Ouest.<br \/>\nUn hommage moderne au charme intemporel de Rocamadour, perch\u00e9 au c\u0153ur de l\u2019Occitanie, entre nature, culture et \u00e9merveillement.<br \/>\n\u2013<br \/>\nSweat \u00e0 capuche unisexe con\u00e7u pour un usage quotidien, offrant chaleur et confort lors des journ\u00e9es fra\u00eeches. Sa coupe classique et sa grande poche frontale en font une pi\u00e8ce pratique et facile \u00e0 porter. La capuche doubl\u00e9e avec cordon de serrage assorti assure une protection suppl\u00e9mentaire contre le froid.<\/p>\n<p>\u2022 271 g\/m\u00b2<br \/>\n\u2022 50 % coton pr\u00e9r\u00e9tr\u00e9ci, 50 % polyester<br \/>\n\u2022 Tissu fil\u00e9 par jet d\u2019air pour un toucher doux et moins de boulochage<br \/>\n\u2022 Capuche \u00e0 double doublure avec cordon assorti<br \/>\n\u2022 Poignets et ceinture en tricot c\u00f4tel\u00e9 1\u00d71 avec \u00e9lasthanne<br \/>\n\u2022 Couture double aux \u00e9paules, poignets et ourlet<br \/>\n\u2022 Le blanc peut appara\u00eetre blanc cass\u00e9 naturel<\/p>","protected":false},"excerpt":{"rendered":"<p>Ce visuel revisite Rocamadour dans une version color\u00e9e et contemporaine. La silhouette du village se d\u00e9tache sur un ciel anim\u00e9 de montgolfi\u00e8res, clin d\u2019\u0153il aux Montgolfiades qui illuminent chaque ann\u00e9e le ciel du Lot. Les formes organiques et les teintes vives \u00e9voquent la vitalit\u00e9 du Sud-Ouest. Un hommage moderne au charme intemporel de Rocamadour, perch\u00e9 [&hellip;]<\/p>","protected":false},"featured_media":3258,"comment_status":"open","ping_status":"closed","template":"","meta":{"_acf_changed":false},"product_brand":[],"product_cat":[69,97],"product_tag":[],"class_list":{"0":"post-3241","1":"product","2":"type-product","3":"status-publish","4":"has-post-thumbnail","6":"product_cat-hoodies","7":"product_cat-les-couleurs-du-roc","9":"first","10":"instock","11":"shipping-taxable","12":"purchasable","13":"product-type-variable"},"acf":[],"_links":{"self":[{"href":"https:\/\/souvenirs-rocamadour.fr\/en\/wp-json\/wp\/v2\/product\/3241","targetHints":{"allow":["GET"]}}],"collection":[{"href":"https:\/\/souvenirs-rocamadour.fr\/en\/wp-json\/wp\/v2\/product"}],"about":[{"href":"https:\/\/souvenirs-rocamadour.fr\/en\/wp-json\/wp\/v2\/types\/product"}],"replies":[{"embeddable":true,"href":"https:\/\/souvenirs-rocamadour.fr\/en\/wp-json\/wp\/v2\/comments?post=3241"}],"wp:featuredmedia":[{"embeddable":true,"href":"https:\/\/souvenirs-rocamadour.fr\/en\/wp-json\/wp\/v2\/media\/3258"}],"wp:attachment":[{"href":"https:\/\/souvenirs-rocamadour.fr\/en\/wp-json\/wp\/v2\/media?parent=3241"}],"wp:term":[{"taxonomy":"product_brand","embeddable":true,"href":"https:\/\/souvenirs-rocamadour.fr\/en\/wp-json\/wp\/v2\/product_brand?post=3241"},{"taxonomy":"product_cat","embeddable":true,"href":"https:\/\/souvenirs-rocamadour.fr\/en\/wp-json\/wp\/v2\/product_cat?post=3241"},{"taxonomy":"product_tag","embeddable":true,"href":"https:\/\/souvenirs-rocamadour.fr\/en\/wp-json\/wp\/v2\/product_tag?post=3241"}],"curies":[{"name":"wp","href":"https:\/\/api.w.org\/{rel}","templated":true}]}}