{"id":3291,"date":"2025-10-07T13:41:33","date_gmt":"2025-10-07T13:41:33","guid":{"rendered":"https:\/\/souvenirs-rocamadour.fr\/produit\/casquette-brodee-les-couleurs-du-roc\/"},"modified":"2025-10-31T10:00:58","modified_gmt":"2025-10-31T10:00:58","slug":"casquette-brodee-les-couleurs-du-roc","status":"publish","type":"product","link":"https:\/\/souvenirs-rocamadour.fr\/en\/product\/casquette-brodee-les-couleurs-du-roc\/","title":{"rendered":"Casquette brod\u00e9e <br> Les couleurs du Roc"},"content":{"rendered":"<p>Ce visuel revisite Rocamadour dans une version color\u00e9e et contemporaine. La silhouette du village se d\u00e9tache sur un ciel anim\u00e9 de montgolfi\u00e8res, clin d\u2019\u0153il aux Montgolfiades qui illuminent chaque ann\u00e9e le ciel du Lot. Les formes organiques et les teintes vives \u00e9voquent la vitalit\u00e9 du Sud-Ouest.<br \/>\nUn hommage moderne au charme intemporel de Rocamadour, perch\u00e9 au c\u0153ur de l\u2019Occitanie, entre nature, culture et \u00e9merveillement.<br \/>\n&#8211;<br \/>\nUnisex cap with a curved visor, combining comfort and style for everyday wear. Its unstructured shape and adjustable strap allow for easy fitting, while its twill cotton fabric offers great durability over time.<\/p>\n<p>\u2022 100% chino cotton twill<br \/>\n\u2022 Unstructured, low-profile, flat visor<br \/>\n\u2022 6 embroidered eyelets<br \/>\n\u2022 Couronne de 3 \u215b \u00bb<br \/>\n\u2022 Adjustable strap with antique-style metal buckle<\/p>","protected":false},"excerpt":{"rendered":"<p>Ce visuel revisite Rocamadour dans une version color\u00e9e et contemporaine. La silhouette du village se d\u00e9tache sur un ciel anim\u00e9 de montgolfi\u00e8res, clin d\u2019\u0153il aux Montgolfiades qui illuminent chaque ann\u00e9e le ciel du Lot. Les formes organiques et les teintes vives \u00e9voquent la vitalit\u00e9 du Sud-Ouest. Un hommage moderne au charme intemporel de Rocamadour, perch\u00e9 [&hellip;]<\/p>","protected":false},"featured_media":3295,"comment_status":"open","ping_status":"closed","template":"","meta":{"_acf_changed":false},"product_brand":[],"product_cat":[71,97],"product_tag":[],"class_list":{"0":"post-3291","1":"product","2":"type-product","3":"status-publish","4":"has-post-thumbnail","6":"product_cat-casquettes","7":"product_cat-les-couleurs-du-roc","9":"first","10":"instock","11":"shipping-taxable","12":"purchasable","13":"product-type-variable"},"acf":[],"_links":{"self":[{"href":"https:\/\/souvenirs-rocamadour.fr\/en\/wp-json\/wp\/v2\/product\/3291","targetHints":{"allow":["GET"]}}],"collection":[{"href":"https:\/\/souvenirs-rocamadour.fr\/en\/wp-json\/wp\/v2\/product"}],"about":[{"href":"https:\/\/souvenirs-rocamadour.fr\/en\/wp-json\/wp\/v2\/types\/product"}],"replies":[{"embeddable":true,"href":"https:\/\/souvenirs-rocamadour.fr\/en\/wp-json\/wp\/v2\/comments?post=3291"}],"wp:featuredmedia":[{"embeddable":true,"href":"https:\/\/souvenirs-rocamadour.fr\/en\/wp-json\/wp\/v2\/media\/3295"}],"wp:attachment":[{"href":"https:\/\/souvenirs-rocamadour.fr\/en\/wp-json\/wp\/v2\/media?parent=3291"}],"wp:term":[{"taxonomy":"product_brand","embeddable":true,"href":"https:\/\/souvenirs-rocamadour.fr\/en\/wp-json\/wp\/v2\/product_brand?post=3291"},{"taxonomy":"product_cat","embeddable":true,"href":"https:\/\/souvenirs-rocamadour.fr\/en\/wp-json\/wp\/v2\/product_cat?post=3291"},{"taxonomy":"product_tag","embeddable":true,"href":"https:\/\/souvenirs-rocamadour.fr\/en\/wp-json\/wp\/v2\/product_tag?post=3291"}],"curies":[{"name":"wp","href":"https:\/\/api.w.org\/{rel}","templated":true}]}}