{"id":3315,"date":"2025-10-07T15:45:59","date_gmt":"2025-10-07T15:45:59","guid":{"rendered":"https:\/\/souvenirs-rocamadour.fr\/produit\/t-shirt-unisexe-rue-quercynoise\/"},"modified":"2025-10-31T10:14:38","modified_gmt":"2025-10-31T10:14:38","slug":"t-shirt-unisexe-rue-quercynoise","status":"publish","type":"product","link":"https:\/\/souvenirs-rocamadour.fr\/en\/product\/t-shirt-unisexe-rue-quercynoise\/","title":{"rendered":"T-shirt unisex <br> Rue Quercynoise"},"content":{"rendered":"<p>Ce visuel capture l\u2019atmosph\u00e8re ensoleill\u00e9e des ruelles de Rocamadour, au c\u0153ur du Quercy. Les fa\u00e7ades dor\u00e9es et les toits ocres refl\u00e8tent la chaleur du Sud-Ouest, tandis que la lumi\u00e8re du soir sublime les pierres typiques du Lot.<br \/>\nUn hommage graphique \u00e0 l\u2019un des plus beaux villages d\u2019Occitanie, o\u00f9 chaque d\u00e9tour r\u00e9v\u00e8le un fragment d\u2019histoire, entre patrimoine vivant et douceur de vivre.<br \/>\n&#8211;<br \/>\nT-shirt unisexe en coton, con\u00e7u pour un usage quotidien. Sa coupe r\u00e9guli\u00e8re facilite les mouvements, tandis que son tissu conserve sa forme lavage apr\u00e8s lavage. L\u00e9ger \u00e0 porter et simple \u00e0 entretenir, il convient \u00e0 toutes les saisons et s\u2019adapte \u00e0 diff\u00e9rents styles.<\/p>\n<p>\u2022 170\u2013180 g\/m\u00b2<br \/>\n\u2022 Fabrication tubulaire sans coutures lat\u00e9rales<br \/>\n\u2022 Coutures renforc\u00e9es et bande de propret\u00e9 au col et aux \u00e9paules<br \/>\n\u2022 Composition : 100 % coton ou Sport Grey (90 % coton, 10 % polyester)<br \/>\n\u2022 Lavage en machine \u00e0 30\u00b0C<br \/>\n\u2022 Sans polyester recycl\u00e9 ni substances dangereuses<br \/>\n\u2022 Le blanc peut pr\u00e9senter un aspect blanc cass\u00e9 naturel<\/p>","protected":false},"excerpt":{"rendered":"<p>Ce visuel capture l\u2019atmosph\u00e8re ensoleill\u00e9e des ruelles de Rocamadour, au c\u0153ur du Quercy. Les fa\u00e7ades dor\u00e9es et les toits ocres refl\u00e8tent la chaleur du Sud-Ouest, tandis que la lumi\u00e8re du soir sublime les pierres typiques du Lot. Un hommage graphique \u00e0 l\u2019un des plus beaux villages d\u2019Occitanie, o\u00f9 chaque d\u00e9tour r\u00e9v\u00e8le un fragment d\u2019histoire, entre [&hellip;]<\/p>","protected":false},"featured_media":3328,"comment_status":"open","ping_status":"closed","template":"","meta":{"_acf_changed":false},"product_brand":[],"product_cat":[98,68],"product_tag":[],"class_list":{"0":"post-3315","1":"product","2":"type-product","3":"status-publish","4":"has-post-thumbnail","6":"product_cat-rue-quercynoise","7":"product_cat-t-shirts","9":"first","10":"instock","11":"shipping-taxable","12":"purchasable","13":"product-type-variable"},"acf":[],"_links":{"self":[{"href":"https:\/\/souvenirs-rocamadour.fr\/en\/wp-json\/wp\/v2\/product\/3315","targetHints":{"allow":["GET"]}}],"collection":[{"href":"https:\/\/souvenirs-rocamadour.fr\/en\/wp-json\/wp\/v2\/product"}],"about":[{"href":"https:\/\/souvenirs-rocamadour.fr\/en\/wp-json\/wp\/v2\/types\/product"}],"replies":[{"embeddable":true,"href":"https:\/\/souvenirs-rocamadour.fr\/en\/wp-json\/wp\/v2\/comments?post=3315"}],"wp:featuredmedia":[{"embeddable":true,"href":"https:\/\/souvenirs-rocamadour.fr\/en\/wp-json\/wp\/v2\/media\/3328"}],"wp:attachment":[{"href":"https:\/\/souvenirs-rocamadour.fr\/en\/wp-json\/wp\/v2\/media?parent=3315"}],"wp:term":[{"taxonomy":"product_brand","embeddable":true,"href":"https:\/\/souvenirs-rocamadour.fr\/en\/wp-json\/wp\/v2\/product_brand?post=3315"},{"taxonomy":"product_cat","embeddable":true,"href":"https:\/\/souvenirs-rocamadour.fr\/en\/wp-json\/wp\/v2\/product_cat?post=3315"},{"taxonomy":"product_tag","embeddable":true,"href":"https:\/\/souvenirs-rocamadour.fr\/en\/wp-json\/wp\/v2\/product_tag?post=3315"}],"curies":[{"name":"wp","href":"https:\/\/api.w.org\/{rel}","templated":true}]}}