{"id":3334,"date":"2025-10-07T15:51:28","date_gmt":"2025-10-07T15:51:28","guid":{"rendered":"https:\/\/souvenirs-rocamadour.fr\/produit\/hoodie-unisexe-rue-quercynoise\/"},"modified":"2025-10-31T10:11:03","modified_gmt":"2025-10-31T10:11:03","slug":"hoodie-unisexe-rue-quercynoise","status":"publish","type":"product","link":"https:\/\/souvenirs-rocamadour.fr\/en\/product\/hoodie-unisexe-rue-quercynoise\/","title":{"rendered":"Hoodie unisexe <br> Rue Quercynoise"},"content":{"rendered":"<p>Ce visuel capture l\u2019atmosph\u00e8re ensoleill\u00e9e des ruelles de Rocamadour, au c\u0153ur du Quercy. Les fa\u00e7ades dor\u00e9es et les toits ocres refl\u00e8tent la chaleur du Sud-Ouest, tandis que la lumi\u00e8re du soir sublime les pierres typiques du Lot.<br \/>\nUn hommage graphique \u00e0 l\u2019un des plus beaux villages d\u2019Occitanie, o\u00f9 chaque d\u00e9tour r\u00e9v\u00e8le un fragment d\u2019histoire, entre patrimoine vivant et douceur de vivre.<br \/>\n&#8211;<br \/>\nSweat \u00e0 capuche unisexe con\u00e7u pour un usage quotidien, offrant chaleur et confort lors des journ\u00e9es fra\u00eeches. Sa coupe classique et sa grande poche frontale en font une pi\u00e8ce pratique et facile \u00e0 porter. La capuche doubl\u00e9e avec cordon de serrage assorti assure une protection suppl\u00e9mentaire contre le froid.<\/p>\n<p>\u2022 271 g\/m\u00b2<br \/>\n\u2022 50 % coton pr\u00e9r\u00e9tr\u00e9ci, 50 % polyester<br \/>\n\u2022 Tissu fil\u00e9 par jet d\u2019air pour un toucher doux et moins de boulochage<br \/>\n\u2022 Capuche \u00e0 double doublure avec cordon assorti<br \/>\n\u2022 Poignets et ceinture en tricot c\u00f4tel\u00e9 1\u00d71 avec \u00e9lasthanne<br \/>\n\u2022 Couture double aux \u00e9paules, poignets et ourlet<br \/>\n\u2022 Le blanc peut appara\u00eetre blanc cass\u00e9 naturel<\/p>","protected":false},"excerpt":{"rendered":"<p>Ce visuel capture l\u2019atmosph\u00e8re ensoleill\u00e9e des ruelles de Rocamadour, au c\u0153ur du Quercy. Les fa\u00e7ades dor\u00e9es et les toits ocres refl\u00e8tent la chaleur du Sud-Ouest, tandis que la lumi\u00e8re du soir sublime les pierres typiques du Lot. Un hommage graphique \u00e0 l\u2019un des plus beaux villages d\u2019Occitanie, o\u00f9 chaque d\u00e9tour r\u00e9v\u00e8le un fragment d\u2019histoire, entre [&hellip;]<\/p>","protected":false},"featured_media":3351,"comment_status":"open","ping_status":"closed","template":"","meta":{"_acf_changed":false},"product_brand":[],"product_cat":[69,66,98],"product_tag":[],"class_list":{"0":"post-3334","1":"product","2":"type-product","3":"status-publish","4":"has-post-thumbnail","6":"product_cat-hoodies","7":"product_cat-nouveautes","8":"product_cat-rue-quercynoise","10":"first","11":"instock","12":"shipping-taxable","13":"purchasable","14":"product-type-variable"},"acf":[],"_links":{"self":[{"href":"https:\/\/souvenirs-rocamadour.fr\/en\/wp-json\/wp\/v2\/product\/3334","targetHints":{"allow":["GET"]}}],"collection":[{"href":"https:\/\/souvenirs-rocamadour.fr\/en\/wp-json\/wp\/v2\/product"}],"about":[{"href":"https:\/\/souvenirs-rocamadour.fr\/en\/wp-json\/wp\/v2\/types\/product"}],"replies":[{"embeddable":true,"href":"https:\/\/souvenirs-rocamadour.fr\/en\/wp-json\/wp\/v2\/comments?post=3334"}],"wp:featuredmedia":[{"embeddable":true,"href":"https:\/\/souvenirs-rocamadour.fr\/en\/wp-json\/wp\/v2\/media\/3351"}],"wp:attachment":[{"href":"https:\/\/souvenirs-rocamadour.fr\/en\/wp-json\/wp\/v2\/media?parent=3334"}],"wp:term":[{"taxonomy":"product_brand","embeddable":true,"href":"https:\/\/souvenirs-rocamadour.fr\/en\/wp-json\/wp\/v2\/product_brand?post=3334"},{"taxonomy":"product_cat","embeddable":true,"href":"https:\/\/souvenirs-rocamadour.fr\/en\/wp-json\/wp\/v2\/product_cat?post=3334"},{"taxonomy":"product_tag","embeddable":true,"href":"https:\/\/souvenirs-rocamadour.fr\/en\/wp-json\/wp\/v2\/product_tag?post=3334"}],"curies":[{"name":"wp","href":"https:\/\/api.w.org\/{rel}","templated":true}]}}