{"id":3359,"date":"2025-10-07T15:55:17","date_gmt":"2025-10-07T15:55:17","guid":{"rendered":"https:\/\/souvenirs-rocamadour.fr\/produit\/sweat-unisexe-rue-quercynoise\/"},"modified":"2025-10-31T10:07:09","modified_gmt":"2025-10-31T10:07:09","slug":"sweat-unisexe-rue-quercynoise","status":"publish","type":"product","link":"https:\/\/souvenirs-rocamadour.fr\/en\/product\/sweat-unisexe-rue-quercynoise\/","title":{"rendered":"Unisex sweatshirt <br> Rue Quercynoise"},"content":{"rendered":"<p>Ce visuel capture l\u2019atmosph\u00e8re ensoleill\u00e9e des ruelles de Rocamadour, au c\u0153ur du Quercy. Les fa\u00e7ades dor\u00e9es et les toits ocres refl\u00e8tent la chaleur du Sud-Ouest, tandis que la lumi\u00e8re du soir sublime les pierres typiques du Lot.<br \/>\nUn hommage graphique \u00e0 l\u2019un des plus beaux villages d\u2019Occitanie, o\u00f9 chaque d\u00e9tour r\u00e9v\u00e8le un fragment d\u2019histoire, entre patrimoine vivant et douceur de vivre.<br \/>\n&#8211;<br \/>\nSweat-shirt unisexe en coton et polyester, con\u00e7u pour offrir douceur et chaleur au quotidien. Sa coupe classique et son col en tricot c\u00f4tel\u00e9 assurent un bon maintien, tandis que la conception quart-de-tour \u00e9vite le pli central. Facile \u00e0 entretenir, il conserve sa forme lavage apr\u00e8s lavage.<\/p>\n<p>\u2022 271 g\/m\u00b2<br \/>\n\u2022 50 % coton, 50 % polyester<br \/>\n\u2022 Tissu pr\u00e9r\u00e9tr\u00e9ci, fil\u00e9 par jet d\u2019air pour un toucher doux<br \/>\n\u2022 Col, \u00e9paules, emmanchures, poignets et ourlet \u00e0 couture double<br \/>\n\u2022 Col en tricot c\u00f4tel\u00e9 1\u00d71 avec \u00e9lasthanne<br \/>\n\u2022 Quart-de-tour pour \u00e9viter un pli au milieu<br \/>\n\u2022 Le blanc peut appara\u00eetre blanc cass\u00e9 naturel<\/p>","protected":false},"excerpt":{"rendered":"<p>Ce visuel capture l\u2019atmosph\u00e8re ensoleill\u00e9e des ruelles de Rocamadour, au c\u0153ur du Quercy. Les fa\u00e7ades dor\u00e9es et les toits ocres refl\u00e8tent la chaleur du Sud-Ouest, tandis que la lumi\u00e8re du soir sublime les pierres typiques du Lot. Un hommage graphique \u00e0 l\u2019un des plus beaux villages d\u2019Occitanie, o\u00f9 chaque d\u00e9tour r\u00e9v\u00e8le un fragment d\u2019histoire, entre [&hellip;]<\/p>","protected":false},"featured_media":3376,"comment_status":"open","ping_status":"closed","template":"","meta":{"_acf_changed":false},"product_brand":[],"product_cat":[98,70],"product_tag":[],"class_list":{"0":"post-3359","1":"product","2":"type-product","3":"status-publish","4":"has-post-thumbnail","6":"product_cat-rue-quercynoise","7":"product_cat-sweats","9":"first","10":"instock","11":"shipping-taxable","12":"purchasable","13":"product-type-variable"},"acf":[],"_links":{"self":[{"href":"https:\/\/souvenirs-rocamadour.fr\/en\/wp-json\/wp\/v2\/product\/3359","targetHints":{"allow":["GET"]}}],"collection":[{"href":"https:\/\/souvenirs-rocamadour.fr\/en\/wp-json\/wp\/v2\/product"}],"about":[{"href":"https:\/\/souvenirs-rocamadour.fr\/en\/wp-json\/wp\/v2\/types\/product"}],"replies":[{"embeddable":true,"href":"https:\/\/souvenirs-rocamadour.fr\/en\/wp-json\/wp\/v2\/comments?post=3359"}],"wp:featuredmedia":[{"embeddable":true,"href":"https:\/\/souvenirs-rocamadour.fr\/en\/wp-json\/wp\/v2\/media\/3376"}],"wp:attachment":[{"href":"https:\/\/souvenirs-rocamadour.fr\/en\/wp-json\/wp\/v2\/media?parent=3359"}],"wp:term":[{"taxonomy":"product_brand","embeddable":true,"href":"https:\/\/souvenirs-rocamadour.fr\/en\/wp-json\/wp\/v2\/product_brand?post=3359"},{"taxonomy":"product_cat","embeddable":true,"href":"https:\/\/souvenirs-rocamadour.fr\/en\/wp-json\/wp\/v2\/product_cat?post=3359"},{"taxonomy":"product_tag","embeddable":true,"href":"https:\/\/souvenirs-rocamadour.fr\/en\/wp-json\/wp\/v2\/product_tag?post=3359"}],"curies":[{"name":"wp","href":"https:\/\/api.w.org\/{rel}","templated":true}]}}