{"id":3384,"date":"2025-10-07T15:59:04","date_gmt":"2025-10-07T15:59:04","guid":{"rendered":"https:\/\/souvenirs-rocamadour.fr\/produit\/casquette-rue-quercynoise\/"},"modified":"2025-10-31T10:03:05","modified_gmt":"2025-10-31T10:03:05","slug":"casquette-rue-quercynoise","status":"publish","type":"product","link":"https:\/\/souvenirs-rocamadour.fr\/en\/product\/casquette-rue-quercynoise\/","title":{"rendered":"Cap <br> Rue Quercynoise"},"content":{"rendered":"<p>Ce visuel capture l\u2019atmosph\u00e8re ensoleill\u00e9e des ruelles de Rocamadour, au c\u0153ur du Quercy. Les fa\u00e7ades dor\u00e9es et les toits ocres refl\u00e8tent la chaleur du Sud-Ouest, tandis que la lumi\u00e8re du soir sublime les pierres typiques du Lot.<br \/>\nUn hommage graphique \u00e0 l\u2019un des plus beaux villages d\u2019Occitanie, o\u00f9 chaque d\u00e9tour r\u00e9v\u00e8le un fragment d\u2019histoire, entre patrimoine vivant et douceur de vivre.<br \/>\n&#8211;<br \/>\nUnisex cap with a curved visor, combining comfort and style for everyday wear. Its unstructured shape and adjustable strap allow for easy fitting, while its twill cotton fabric offers great durability over time.<\/p>\n<p>\u2022 100% chino cotton twill<br \/>\n\u2022 Unstructured, low-profile, flat visor<br \/>\n\u2022 6 embroidered eyelets<br \/>\n\u2022 Couronne de 3 \u215b \u00bb<br \/>\n\u2022 Adjustable strap with antique-style metal buckle<\/p>","protected":false},"excerpt":{"rendered":"<p>Ce visuel capture l\u2019atmosph\u00e8re ensoleill\u00e9e des ruelles de Rocamadour, au c\u0153ur du Quercy. Les fa\u00e7ades dor\u00e9es et les toits ocres refl\u00e8tent la chaleur du Sud-Ouest, tandis que la lumi\u00e8re du soir sublime les pierres typiques du Lot. Un hommage graphique \u00e0 l\u2019un des plus beaux villages d\u2019Occitanie, o\u00f9 chaque d\u00e9tour r\u00e9v\u00e8le un fragment d\u2019histoire, entre [&hellip;]<\/p>","protected":false},"featured_media":3389,"comment_status":"open","ping_status":"closed","template":"","meta":{"_acf_changed":false},"product_brand":[],"product_cat":[71,98],"product_tag":[],"class_list":{"0":"post-3384","1":"product","2":"type-product","3":"status-publish","4":"has-post-thumbnail","6":"product_cat-casquettes","7":"product_cat-rue-quercynoise","9":"first","10":"instock","11":"shipping-taxable","12":"purchasable","13":"product-type-variable"},"acf":[],"_links":{"self":[{"href":"https:\/\/souvenirs-rocamadour.fr\/en\/wp-json\/wp\/v2\/product\/3384","targetHints":{"allow":["GET"]}}],"collection":[{"href":"https:\/\/souvenirs-rocamadour.fr\/en\/wp-json\/wp\/v2\/product"}],"about":[{"href":"https:\/\/souvenirs-rocamadour.fr\/en\/wp-json\/wp\/v2\/types\/product"}],"replies":[{"embeddable":true,"href":"https:\/\/souvenirs-rocamadour.fr\/en\/wp-json\/wp\/v2\/comments?post=3384"}],"wp:featuredmedia":[{"embeddable":true,"href":"https:\/\/souvenirs-rocamadour.fr\/en\/wp-json\/wp\/v2\/media\/3389"}],"wp:attachment":[{"href":"https:\/\/souvenirs-rocamadour.fr\/en\/wp-json\/wp\/v2\/media?parent=3384"}],"wp:term":[{"taxonomy":"product_brand","embeddable":true,"href":"https:\/\/souvenirs-rocamadour.fr\/en\/wp-json\/wp\/v2\/product_brand?post=3384"},{"taxonomy":"product_cat","embeddable":true,"href":"https:\/\/souvenirs-rocamadour.fr\/en\/wp-json\/wp\/v2\/product_cat?post=3384"},{"taxonomy":"product_tag","embeddable":true,"href":"https:\/\/souvenirs-rocamadour.fr\/en\/wp-json\/wp\/v2\/product_tag?post=3384"}],"curies":[{"name":"wp","href":"https:\/\/api.w.org\/{rel}","templated":true}]}}