{"id":3411,"date":"2025-10-07T16:12:29","date_gmt":"2025-10-07T16:12:29","guid":{"rendered":"https:\/\/souvenirs-rocamadour.fr\/produit\/t-shirt-unisexe-le-french-toast\/"},"modified":"2025-10-31T10:14:38","modified_gmt":"2025-10-31T10:14:38","slug":"t-shirt-unisexe-le-french-toast","status":"publish","type":"product","link":"https:\/\/souvenirs-rocamadour.fr\/en\/product\/t-shirt-unisexe-le-french-toast\/","title":{"rendered":"T-shirt unisex <br> Le French Toast"},"content":{"rendered":"<p>Clin d\u2019\u0153il gourmand au terroir du Lot, ce visuel revisite le c\u00e9l\u00e8bre French toast \u00e0 la sauce locale : pain dor\u00e9, fromage de ch\u00e8vre fondant, miel du Quercy et \u00e9clats de noix croquantes. Une composition savoureuse qui \u00e9voque toute la richesse gastronomique du Sud-Ouest.<br \/>\nAlliant humour et authenticit\u00e9, cette cr\u00e9ation illustre l\u2019esprit chaleureux de Rocamadour et d\u2019Occitanie, o\u00f9 terroir, g\u00e9n\u00e9rosit\u00e9 et plaisir de la table ne font qu\u2019un.<br \/>\n&#8211;<br \/>\nT-shirt unisexe en coton, con\u00e7u pour un usage quotidien. Sa coupe r\u00e9guli\u00e8re facilite les mouvements, tandis que son tissu conserve sa forme lavage apr\u00e8s lavage. L\u00e9ger \u00e0 porter et simple \u00e0 entretenir, il convient \u00e0 toutes les saisons et s\u2019adapte \u00e0 diff\u00e9rents styles.<\/p>\n<p>\u2022 170\u2013180 g\/m\u00b2<br \/>\n\u2022 Fabrication tubulaire sans coutures lat\u00e9rales<br \/>\n\u2022 Coutures renforc\u00e9es et bande de propret\u00e9 au col et aux \u00e9paules<br \/>\n\u2022 Composition : 100 % coton ou Sport Grey (90 % coton, 10 % polyester)<br \/>\n\u2022 Lavage en machine \u00e0 30\u00b0C<br \/>\n\u2022 Sans polyester recycl\u00e9 ni substances dangereuses<br \/>\n\u2022 Le blanc peut pr\u00e9senter un aspect blanc cass\u00e9 naturel<\/p>","protected":false},"excerpt":{"rendered":"<p>Clin d\u2019\u0153il gourmand au terroir du Lot, ce visuel revisite le c\u00e9l\u00e8bre French toast \u00e0 la sauce locale : pain dor\u00e9, fromage de ch\u00e8vre fondant, miel du Quercy et \u00e9clats de noix croquantes. Une composition savoureuse qui \u00e9voque toute la richesse gastronomique du Sud-Ouest. Alliant humour et authenticit\u00e9, cette cr\u00e9ation illustre l\u2019esprit chaleureux de Rocamadour [&hellip;]<\/p>","protected":false},"featured_media":3424,"comment_status":"open","ping_status":"closed","template":"","meta":{"_acf_changed":false},"product_brand":[],"product_cat":[99,68],"product_tag":[],"class_list":{"0":"post-3411","1":"product","2":"type-product","3":"status-publish","4":"has-post-thumbnail","6":"product_cat-le-french-toast","7":"product_cat-t-shirts","9":"first","10":"instock","11":"shipping-taxable","12":"purchasable","13":"product-type-variable"},"acf":[],"_links":{"self":[{"href":"https:\/\/souvenirs-rocamadour.fr\/en\/wp-json\/wp\/v2\/product\/3411","targetHints":{"allow":["GET"]}}],"collection":[{"href":"https:\/\/souvenirs-rocamadour.fr\/en\/wp-json\/wp\/v2\/product"}],"about":[{"href":"https:\/\/souvenirs-rocamadour.fr\/en\/wp-json\/wp\/v2\/types\/product"}],"replies":[{"embeddable":true,"href":"https:\/\/souvenirs-rocamadour.fr\/en\/wp-json\/wp\/v2\/comments?post=3411"}],"wp:featuredmedia":[{"embeddable":true,"href":"https:\/\/souvenirs-rocamadour.fr\/en\/wp-json\/wp\/v2\/media\/3424"}],"wp:attachment":[{"href":"https:\/\/souvenirs-rocamadour.fr\/en\/wp-json\/wp\/v2\/media?parent=3411"}],"wp:term":[{"taxonomy":"product_brand","embeddable":true,"href":"https:\/\/souvenirs-rocamadour.fr\/en\/wp-json\/wp\/v2\/product_brand?post=3411"},{"taxonomy":"product_cat","embeddable":true,"href":"https:\/\/souvenirs-rocamadour.fr\/en\/wp-json\/wp\/v2\/product_cat?post=3411"},{"taxonomy":"product_tag","embeddable":true,"href":"https:\/\/souvenirs-rocamadour.fr\/en\/wp-json\/wp\/v2\/product_tag?post=3411"}],"curies":[{"name":"wp","href":"https:\/\/api.w.org\/{rel}","templated":true}]}}