{"id":3430,"date":"2025-10-07T16:45:57","date_gmt":"2025-10-07T16:45:57","guid":{"rendered":"https:\/\/souvenirs-rocamadour.fr\/produit\/hoodie-unisexe-le-french-toast\/"},"modified":"2025-10-31T10:11:03","modified_gmt":"2025-10-31T10:11:03","slug":"hoodie-unisexe-le-french-toast","status":"publish","type":"product","link":"https:\/\/souvenirs-rocamadour.fr\/en\/product\/hoodie-unisexe-le-french-toast\/","title":{"rendered":"Hoodie unisexe <br> Le French Toast"},"content":{"rendered":"<p>Clin d\u2019\u0153il gourmand au terroir du Lot, ce visuel revisite le c\u00e9l\u00e8bre French toast \u00e0 la sauce locale : pain dor\u00e9, fromage de ch\u00e8vre fondant, miel du Quercy et \u00e9clats de noix croquantes. Une composition savoureuse qui \u00e9voque toute la richesse gastronomique du Sud-Ouest.<br \/>\nAlliant humour et authenticit\u00e9, cette cr\u00e9ation illustre l\u2019esprit chaleureux de Rocamadour et d\u2019Occitanie, o\u00f9 terroir, g\u00e9n\u00e9rosit\u00e9 et plaisir de la table ne font qu\u2019un.<br \/>\n\u2013<br \/>\nSweat \u00e0 capuche unisexe con\u00e7u pour un usage quotidien, offrant chaleur et confort lors des journ\u00e9es fra\u00eeches. Sa coupe classique et sa grande poche frontale en font une pi\u00e8ce pratique et facile \u00e0 porter. La capuche doubl\u00e9e avec cordon de serrage assorti assure une protection suppl\u00e9mentaire contre le froid.<\/p>\n<p>\u2022 271 g\/m\u00b2<br \/>\n\u2022 50 % coton pr\u00e9r\u00e9tr\u00e9ci, 50 % polyester<br \/>\n\u2022 Tissu fil\u00e9 par jet d\u2019air pour un toucher doux et moins de boulochage<br \/>\n\u2022 Capuche \u00e0 double doublure avec cordon assorti<br \/>\n\u2022 Poignets et ceinture en tricot c\u00f4tel\u00e9 1\u00d71 avec \u00e9lasthanne<br \/>\n\u2022 Couture double aux \u00e9paules, poignets et ourlet<br \/>\n\u2022 Le blanc peut appara\u00eetre blanc cass\u00e9 naturel<\/p>","protected":false},"excerpt":{"rendered":"<p>Clin d\u2019\u0153il gourmand au terroir du Lot, ce visuel revisite le c\u00e9l\u00e8bre French toast \u00e0 la sauce locale : pain dor\u00e9, fromage de ch\u00e8vre fondant, miel du Quercy et \u00e9clats de noix croquantes. Une composition savoureuse qui \u00e9voque toute la richesse gastronomique du Sud-Ouest. Alliant humour et authenticit\u00e9, cette cr\u00e9ation illustre l\u2019esprit chaleureux de Rocamadour [&hellip;]<\/p>","protected":false},"featured_media":3447,"comment_status":"open","ping_status":"closed","template":"","meta":{"_acf_changed":false},"product_brand":[],"product_cat":[69,99],"product_tag":[],"class_list":{"0":"post-3430","1":"product","2":"type-product","3":"status-publish","4":"has-post-thumbnail","6":"product_cat-hoodies","7":"product_cat-le-french-toast","9":"first","10":"instock","11":"shipping-taxable","12":"purchasable","13":"product-type-variable"},"acf":[],"_links":{"self":[{"href":"https:\/\/souvenirs-rocamadour.fr\/en\/wp-json\/wp\/v2\/product\/3430","targetHints":{"allow":["GET"]}}],"collection":[{"href":"https:\/\/souvenirs-rocamadour.fr\/en\/wp-json\/wp\/v2\/product"}],"about":[{"href":"https:\/\/souvenirs-rocamadour.fr\/en\/wp-json\/wp\/v2\/types\/product"}],"replies":[{"embeddable":true,"href":"https:\/\/souvenirs-rocamadour.fr\/en\/wp-json\/wp\/v2\/comments?post=3430"}],"wp:featuredmedia":[{"embeddable":true,"href":"https:\/\/souvenirs-rocamadour.fr\/en\/wp-json\/wp\/v2\/media\/3447"}],"wp:attachment":[{"href":"https:\/\/souvenirs-rocamadour.fr\/en\/wp-json\/wp\/v2\/media?parent=3430"}],"wp:term":[{"taxonomy":"product_brand","embeddable":true,"href":"https:\/\/souvenirs-rocamadour.fr\/en\/wp-json\/wp\/v2\/product_brand?post=3430"},{"taxonomy":"product_cat","embeddable":true,"href":"https:\/\/souvenirs-rocamadour.fr\/en\/wp-json\/wp\/v2\/product_cat?post=3430"},{"taxonomy":"product_tag","embeddable":true,"href":"https:\/\/souvenirs-rocamadour.fr\/en\/wp-json\/wp\/v2\/product_tag?post=3430"}],"curies":[{"name":"wp","href":"https:\/\/api.w.org\/{rel}","templated":true}]}}