{"id":3494,"date":"2025-10-07T17:17:27","date_gmt":"2025-10-07T17:17:27","guid":{"rendered":"https:\/\/souvenirs-rocamadour.fr\/produit\/tote-bag-coton-bio-le-french-toast\/"},"modified":"2025-10-31T09:59:38","modified_gmt":"2025-10-31T09:59:38","slug":"tote-bag-coton-bio-le-french-toast","status":"publish","type":"product","link":"https:\/\/souvenirs-rocamadour.fr\/en\/product\/tote-bag-coton-bio-le-french-toast\/","title":{"rendered":"Tote Bag coton Bio <br> Le French Toast"},"content":{"rendered":"<p>Clin d\u2019\u0153il gourmand au terroir du Lot, ce visuel revisite le c\u00e9l\u00e8bre French toast \u00e0 la sauce locale : pain dor\u00e9, fromage de ch\u00e8vre fondant, miel du Quercy et \u00e9clats de noix croquantes. Une composition savoureuse qui \u00e9voque toute la richesse gastronomique du Sud-Ouest.<br \/>\nAlliant humour et authenticit\u00e9, cette cr\u00e9ation illustre l\u2019esprit chaleureux de Rocamadour et d\u2019Occitanie, o\u00f9 terroir, g\u00e9n\u00e9rosit\u00e9 et plaisir de la table ne font qu\u2019un.<br \/>\n\u2013<br \/>\nTote bag en coton biologique robuste et pratique, id\u00e9al pour les courses, les livres ou un usage quotidien. Sa grande capacit\u00e9 et ses anses longues assurent confort et polyvalence, tout en garantissant un impact environnemental r\u00e9duit gr\u00e2ce \u00e0 sa fabrication certifi\u00e9e.<\/p>\n<p>\u2022 100 % coton biologique certifi\u00e9 serg\u00e9 3\/1<br \/>\n\u2022 272 g\/m\u00b2<br \/>\n\u2022 Dimensions : 40,6 \u00d7 35,6 \u00d7 12,7 cm<br \/>\n\u2022 Anses de 2,5 cm de large, longueur 62,2 cm<br \/>\n\u2022 Capacit\u00e9 maximale : 13,6 kg<br \/>\n\u2022 Compartiment principal ouvert<br \/>\n\u2022 Certifi\u00e9 GOTS et OCS pour son contenu en coton bio<br \/>\n\u2022 Certifi\u00e9 OEKO-TEX Standard 100 et approuv\u00e9 vegan par PETA<\/p>","protected":false},"excerpt":{"rendered":"<p>Clin d\u2019\u0153il gourmand au terroir du Lot, ce visuel revisite le c\u00e9l\u00e8bre French toast \u00e0 la sauce locale : pain dor\u00e9, fromage de ch\u00e8vre fondant, miel du Quercy et \u00e9clats de noix croquantes. Une composition savoureuse qui \u00e9voque toute la richesse gastronomique du Sud-Ouest. Alliant humour et authenticit\u00e9, cette cr\u00e9ation illustre l\u2019esprit chaleureux de Rocamadour [&hellip;]<\/p>","protected":false},"featured_media":3497,"comment_status":"open","ping_status":"closed","template":"","meta":{"_acf_changed":false},"product_brand":[],"product_cat":[99,72],"product_tag":[],"class_list":{"0":"post-3494","1":"product","2":"type-product","3":"status-publish","4":"has-post-thumbnail","6":"product_cat-le-french-toast","7":"product_cat-tote-bags","9":"first","10":"instock","11":"shipping-taxable","12":"purchasable","13":"product-type-variable"},"acf":[],"_links":{"self":[{"href":"https:\/\/souvenirs-rocamadour.fr\/en\/wp-json\/wp\/v2\/product\/3494","targetHints":{"allow":["GET"]}}],"collection":[{"href":"https:\/\/souvenirs-rocamadour.fr\/en\/wp-json\/wp\/v2\/product"}],"about":[{"href":"https:\/\/souvenirs-rocamadour.fr\/en\/wp-json\/wp\/v2\/types\/product"}],"replies":[{"embeddable":true,"href":"https:\/\/souvenirs-rocamadour.fr\/en\/wp-json\/wp\/v2\/comments?post=3494"}],"wp:featuredmedia":[{"embeddable":true,"href":"https:\/\/souvenirs-rocamadour.fr\/en\/wp-json\/wp\/v2\/media\/3497"}],"wp:attachment":[{"href":"https:\/\/souvenirs-rocamadour.fr\/en\/wp-json\/wp\/v2\/media?parent=3494"}],"wp:term":[{"taxonomy":"product_brand","embeddable":true,"href":"https:\/\/souvenirs-rocamadour.fr\/en\/wp-json\/wp\/v2\/product_brand?post=3494"},{"taxonomy":"product_cat","embeddable":true,"href":"https:\/\/souvenirs-rocamadour.fr\/en\/wp-json\/wp\/v2\/product_cat?post=3494"},{"taxonomy":"product_tag","embeddable":true,"href":"https:\/\/souvenirs-rocamadour.fr\/en\/wp-json\/wp\/v2\/product_tag?post=3494"}],"curies":[{"name":"wp","href":"https:\/\/api.w.org\/{rel}","templated":true}]}}